{"id":727,"date":"2023-02-01T03:04:17","date_gmt":"2023-02-01T03:04:17","guid":{"rendered":"https:\/\/www.manondesvagues.com\/?page_id=727"},"modified":"2024-03-05T18:01:44","modified_gmt":"2024-03-05T18:01:44","slug":"biografia","status":"publish","type":"page","link":"https:\/\/www.manon-desvagues.com\/es\/bio\/","title":{"rendered":"Biograf\u00eda"},"content":{"rendered":"<div data-elementor-type=\"wp-page\" data-elementor-id=\"727\" class=\"elementor elementor-727\" data-elementor-post-type=\"page\">\n\t\t\t\t<div class=\"elementor-element elementor-element-450654d7 e-con-full e-flex e-con e-parent\" data-id=\"450654d7\" data-element_type=\"container\" data-e-type=\"container\">\n\t\t\t\t<div class=\"elementor-element elementor-element-a70d9ff elementor-widget__width-initial elementor-widget elementor-widget-image\" data-id=\"a70d9ff\" data-element_type=\"widget\" data-e-type=\"widget\" data-widget_type=\"image.default\">\n\t\t\t\t<div class=\"elementor-widget-container\">\n\t\t\t\t\t\t\t\t\t\t\t\t\t\t\t<img fetchpriority=\"high\" decoding=\"async\" width=\"640\" height=\"640\" src=\"https:\/\/www.manon-desvagues.com\/wp-content\/uploads\/2024\/01\/Design-sans-titre_20240102_165813_0000-1024x1024.png\" class=\"attachment-large size-large wp-image-1109\" alt=\"\" srcset=\"https:\/\/www.manon-desvagues.com\/wp-content\/uploads\/2024\/01\/Design-sans-titre_20240102_165813_0000-1024x1024.png 1024w, https:\/\/www.manon-desvagues.com\/wp-content\/uploads\/2024\/01\/Design-sans-titre_20240102_165813_0000-300x300.png 300w, https:\/\/www.manon-desvagues.com\/wp-content\/uploads\/2024\/01\/Design-sans-titre_20240102_165813_0000-150x150.png 150w, https:\/\/www.manon-desvagues.com\/wp-content\/uploads\/2024\/01\/Design-sans-titre_20240102_165813_0000-768x768.png 768w, https:\/\/www.manon-desvagues.com\/wp-content\/uploads\/2024\/01\/Design-sans-titre_20240102_165813_0000-1536x1536.png 1536w, https:\/\/www.manon-desvagues.com\/wp-content\/uploads\/2024\/01\/Design-sans-titre_20240102_165813_0000-2048x2048.png 2048w, https:\/\/www.manon-desvagues.com\/wp-content\/uploads\/2024\/01\/Design-sans-titre_20240102_165813_0000-360x360.png 360w, https:\/\/www.manon-desvagues.com\/wp-content\/uploads\/2024\/01\/Design-sans-titre_20240102_165813_0000-624x624.png 624w, https:\/\/www.manon-desvagues.com\/wp-content\/uploads\/2024\/01\/Design-sans-titre_20240102_165813_0000-600x600.png 600w, https:\/\/www.manon-desvagues.com\/wp-content\/uploads\/2024\/01\/Design-sans-titre_20240102_165813_0000-100x100.png 100w\" sizes=\"(max-width: 640px) 100vw, 640px\" \/>\t\t\t\t\t\t\t\t\t\t\t\t\t\t\t<\/div>\n\t\t\t\t<\/div>\n\t\t\t\t<div class=\"elementor-element elementor-element-29e18970 elementor-widget elementor-widget-text-editor\" data-id=\"29e18970\" data-element_type=\"widget\" data-e-type=\"widget\" data-widget_type=\"text-editor.default\">\n\t\t\t\t<div class=\"elementor-widget-container\">\n\t\t\t\t\t<div class=\"bb-theme-elementor-wrap bb-elementor-custom-color bb-elementor-custom-family\">\t\t\t\t<p><span style=\"font-weight: 400;\">Manon DesVagues naci\u00f3 en Francia y regres\u00f3 r\u00e1pidamente a la isla de Kiskeya a los pocos d\u00edas de nacer, donde sus padres se conocieron y vivieron. Su infancia estuvo marcada por la encantadora naturaleza de esta isla, donde creci\u00f3 rodeada de las bendiciones del para\u00edso tropical. Jugando con las olas y caminando descalza por la tierra, absorbi\u00f3 la magia de su entorno. Inspirada por el compromiso de sus padres con una vida plena, Manon reconoci\u00f3 su misi\u00f3n: mejorar la calidad de vida y el bienestar de las personas.<\/span><\/p><p><span style=\"font-weight: 400;\">Su viaje hacia el mundo del bienestar comenz\u00f3 durante su adolescencia, cuando se mud\u00f3 a la isla de Mallorca. Al reconocer el don curativo de sus manos, su madre la gui\u00f3 a explorar diversas ramas de la sanaci\u00f3n, con el Reiki como su iniciaci\u00f3n. La vida le present\u00f3 desaf\u00edos que la desviaron moment\u00e1neamente de este camino, pero su vocaci\u00f3n innata persisti\u00f3.<\/span><\/p><p><span style=\"font-weight: 400;\">Con la visi\u00f3n de crear un centro de bienestar ecol\u00f3gico, Manon curs\u00f3 estudios superiores con una &quot;Clase Preparatoria para las Grandes Escuelas de Comercio&quot; en el Instituto Daudet de Nimes, Francia. Sinti\u00e9ndose desconectada de su visi\u00f3n y prop\u00f3sito, decidi\u00f3 graduarse como &quot;T\u00e9cnica Superior en Cosm\u00e9tica, Est\u00e9tica y Perfumer\u00eda&quot; en Fr\u00e9jus, Francia, donde adquiri\u00f3 las herramientas necesarias para iniciar su carrera profesional y acercarse a su sue\u00f1o.<\/span><\/p><p><span style=\"font-weight: 400;\">Trabajando en spas de lujo de alta gama en Francia y Barcelona, Manon aprendi\u00f3 una amplia gama de tradiciones de spa, m\u00e9todos terap\u00e9uticos y experiencias para los hu\u00e9spedes. Sin embargo, ciertos aspectos del sistema la desilusionaron y ansiaba aprender m\u00e1s.<\/span><\/p><p><span style=\"font-weight: 400;\">Fascinada por el funcionamiento del cuerpo, tuvo la oportunidad de aprender de Karin Locher, fundadora de Spatial Medicine and Fascia Expert, con sede en Dub\u00e1i. Manon complet\u00f3 su certificaci\u00f3n, aportando respuestas cient\u00edficas a lo que intuitivamente sent\u00eda al trabajar con sus clientes de masajes. Esto enriqueci\u00f3 su comprensi\u00f3n y visi\u00f3n del bienestar, aportando innovaci\u00f3n a su oferta en la industria.<\/span><\/p><p><span style=\"font-weight: 400;\">El regreso a su vida isle\u00f1a en Cabarete, Rep\u00fablica Dominicana, marc\u00f3 el inicio de su b\u00fasqueda. En colaboraci\u00f3n con Mar\u00eda Soledad Summar, creadora del H\u00f4tel Boutique &amp; Spa: Natura Cabana, desarrollaron un nuevo concepto de bienestar para su spa: Attabeyra. Aunque su sue\u00f1o se vio interrumpido temporalmente por la pandemia mundial, Manon aprovech\u00f3 este tiempo para apoyar el proyecto \u00e9tico de su madre: SlowCare. Desarrollando SlowCare SPA en sinton\u00eda con la industria del bienestar, regres\u00f3 a Cabarete con renovada inspiraci\u00f3n, continuando con el desarrollo del spa Attabeyra de Natura Cabana y otros proyectos que reflejan sus valores.<\/span><\/p><p><span style=\"font-weight: 400;\">Manon DesVagues, Manon de las olas en franc\u00e9s, tiene la misi\u00f3n de reconectar a las personas con la Gran Madre, &quot;La Mer&quot; (que significa Oc\u00e9ano y Madre en franc\u00e9s) a trav\u00e9s de cada ola de relajaci\u00f3n. Entendiendo que el bienestar no es un estado constante, ya que la vida tiene sus altibajos, la clave del bienestar es aprender a surfear esas olas.<\/span><\/p><p><span style=\"font-weight: 400;\">Manon DesVagues, defensora de ayudar a los terapeutas a dar lo mejor de s\u00ed mismos, primero aprendiendo a cuidarse, se ha propuesto crear un c\u00edrculo virtuoso. Ayuda a hoteles a establecer centros de bienestar, brindando un servicio excelente mediante la capacitaci\u00f3n de terapeutas locales en regiones donde esta experiencia es escasa. Simult\u00e1neamente, apoya a las comunidades locales ofreciendo capacitaci\u00f3n que garantiza empleos acordes con sus valores. En colaboraci\u00f3n con herbolarios y jardineros locales, Manon dise\u00f1a conceptos de bienestar utilizando \u00fanicamente remedios locales y naturales, garantizando un impacto positivo en la Madre Naturaleza. Todos los centros de bienestar que dise\u00f1a est\u00e1n libres de pl\u00e1stico y qu\u00edmicos, fomentando verdaderos h\u00e1bitos de dar y recibir, creando un c\u00edrculo virtuoso beneficioso para todos.<\/span><\/p>\t\t\t\t<\/div>\t\t\t\t<\/div>\n\t\t\t\t<\/div>\n\t\t\t\t<\/div>\n\t\t\t\t<\/div>","protected":false},"excerpt":{"rendered":"<p>Manon DesVagues was born in France and swiftly returned to Kiskeya Island just a few days after her birth, where her parents had met and&hellip;<\/p>","protected":false},"author":1,"featured_media":0,"parent":0,"menu_order":0,"comment_status":"closed","ping_status":"closed","template":"","meta":{"footnotes":""},"class_list":["post-727","page","type-page","status-publish","hentry"],"_links":{"self":[{"href":"https:\/\/www.manon-desvagues.com\/es\/wp-json\/wp\/v2\/pages\/727","targetHints":{"allow":["GET"]}}],"collection":[{"href":"https:\/\/www.manon-desvagues.com\/es\/wp-json\/wp\/v2\/pages"}],"about":[{"href":"https:\/\/www.manon-desvagues.com\/es\/wp-json\/wp\/v2\/types\/page"}],"author":[{"embeddable":true,"href":"https:\/\/www.manon-desvagues.com\/es\/wp-json\/wp\/v2\/users\/1"}],"replies":[{"embeddable":true,"href":"https:\/\/www.manon-desvagues.com\/es\/wp-json\/wp\/v2\/comments?post=727"}],"version-history":[{"count":45,"href":"https:\/\/www.manon-desvagues.com\/es\/wp-json\/wp\/v2\/pages\/727\/revisions"}],"predecessor-version":[{"id":1285,"href":"https:\/\/www.manon-desvagues.com\/es\/wp-json\/wp\/v2\/pages\/727\/revisions\/1285"}],"wp:attachment":[{"href":"https:\/\/www.manon-desvagues.com\/es\/wp-json\/wp\/v2\/media?parent=727"}],"curies":[{"name":"wp","href":"https:\/\/api.w.org\/{rel}","templated":true}]}}